{"id":653,"date":"2023-07-18T11:45:30","date_gmt":"2023-07-18T11:45:30","guid":{"rendered":"https:\/\/liliyabeautycenter.es\/?page_id=653"},"modified":"2023-07-18T11:46:26","modified_gmt":"2023-07-18T11:46:26","slug":"politica-de-cookies","status":"publish","type":"page","link":"https:\/\/liliyabeautycenter.es\/en\/politica-de-cookies\/","title":{"rendered":"Cookies Policy"},"content":{"rendered":"<div data-elementor-type=\"wp-page\" data-elementor-id=\"653\" class=\"elementor elementor-653\" data-elementor-post-type=\"page\">\n\t\t\t\t\t\t\t\t\t<section class=\"elementor-section elementor-top-section elementor-element elementor-element-35d9b4c elementor-section-boxed elementor-section-height-default elementor-section-height-default\" data-id=\"35d9b4c\" data-element_type=\"section\" data-settings=\"{&quot;background_background&quot;:&quot;classic&quot;}\">\n\t\t\t\t\t\t<div class=\"elementor-container elementor-column-gap-default\">\n\t\t\t\t\t<div class=\"elementor-column elementor-col-100 elementor-top-column elementor-element elementor-element-8fc52ee\" data-id=\"8fc52ee\" data-element_type=\"column\">\n\t\t\t<div class=\"elementor-widget-wrap elementor-element-populated\">\n\t\t\t\t\t\t\t\t<div class=\"elementor-element elementor-element-609659b elementor-widget elementor-widget-heading\" data-id=\"609659b\" data-element_type=\"widget\" data-widget_type=\"heading.default\">\n\t\t\t\t<div class=\"elementor-widget-container\">\n\t\t\t<style>\/*! elementor - v3.18.0 - 20-12-2023 *\/\n.elementor-heading-title{padding:0;margin:0;line-height:1}.elementor-widget-heading .elementor-heading-title[class*=elementor-size-]>a{color:inherit;font-size:inherit;line-height:inherit}.elementor-widget-heading .elementor-heading-title.elementor-size-small{font-size:15px}.elementor-widget-heading .elementor-heading-title.elementor-size-medium{font-size:19px}.elementor-widget-heading .elementor-heading-title.elementor-size-large{font-size:29px}.elementor-widget-heading .elementor-heading-title.elementor-size-xl{font-size:39px}.elementor-widget-heading .elementor-heading-title.elementor-size-xxl{font-size:59px}<\/style><h1 class=\"elementor-heading-title elementor-size-default\">Aviso legal<\/h1>\t\t<\/div>\n\t\t\t\t<\/div>\n\t\t\t\t<div class=\"elementor-element elementor-element-3d3b158 elementor-widget-divider--view-line elementor-widget elementor-widget-divider\" data-id=\"3d3b158\" data-element_type=\"widget\" data-widget_type=\"divider.default\">\n\t\t\t\t<div class=\"elementor-widget-container\">\n\t\t\t<style>\/*! elementor - v3.18.0 - 20-12-2023 *\/\n.elementor-widget-divider{--divider-border-style:none;--divider-border-width:1px;--divider-color:#0c0d0e;--divider-icon-size:20px;--divider-element-spacing:10px;--divider-pattern-height:24px;--divider-pattern-size:20px;--divider-pattern-url:none;--divider-pattern-repeat:repeat-x}.elementor-widget-divider .elementor-divider{display:flex}.elementor-widget-divider .elementor-divider__text{font-size:15px;line-height:1;max-width:95%}.elementor-widget-divider .elementor-divider__element{margin:0 var(--divider-element-spacing);flex-shrink:0}.elementor-widget-divider .elementor-icon{font-size:var(--divider-icon-size)}.elementor-widget-divider .elementor-divider-separator{display:flex;margin:0;direction:ltr}.elementor-widget-divider--view-line_icon .elementor-divider-separator,.elementor-widget-divider--view-line_text .elementor-divider-separator{align-items:center}.elementor-widget-divider--view-line_icon .elementor-divider-separator:after,.elementor-widget-divider--view-line_icon .elementor-divider-separator:before,.elementor-widget-divider--view-line_text .elementor-divider-separator:after,.elementor-widget-divider--view-line_text .elementor-divider-separator:before{display:block;content:\"\";border-bottom:0;flex-grow:1;border-top:var(--divider-border-width) var(--divider-border-style) var(--divider-color)}.elementor-widget-divider--element-align-left .elementor-divider .elementor-divider-separator>.elementor-divider__svg:first-of-type{flex-grow:0;flex-shrink:100}.elementor-widget-divider--element-align-left .elementor-divider-separator:before{content:none}.elementor-widget-divider--element-align-left .elementor-divider__element{margin-left:0}.elementor-widget-divider--element-align-right .elementor-divider .elementor-divider-separator>.elementor-divider__svg:last-of-type{flex-grow:0;flex-shrink:100}.elementor-widget-divider--element-align-right .elementor-divider-separator:after{content:none}.elementor-widget-divider--element-align-right .elementor-divider__element{margin-right:0}.elementor-widget-divider:not(.elementor-widget-divider--view-line_text):not(.elementor-widget-divider--view-line_icon) .elementor-divider-separator{border-top:var(--divider-border-width) var(--divider-border-style) var(--divider-color)}.elementor-widget-divider--separator-type-pattern{--divider-border-style:none}.elementor-widget-divider--separator-type-pattern.elementor-widget-divider--view-line .elementor-divider-separator,.elementor-widget-divider--separator-type-pattern:not(.elementor-widget-divider--view-line) .elementor-divider-separator:after,.elementor-widget-divider--separator-type-pattern:not(.elementor-widget-divider--view-line) .elementor-divider-separator:before,.elementor-widget-divider--separator-type-pattern:not([class*=elementor-widget-divider--view]) .elementor-divider-separator{width:100%;min-height:var(--divider-pattern-height);-webkit-mask-size:var(--divider-pattern-size) 100%;mask-size:var(--divider-pattern-size) 100%;-webkit-mask-repeat:var(--divider-pattern-repeat);mask-repeat:var(--divider-pattern-repeat);background-color:var(--divider-color);-webkit-mask-image:var(--divider-pattern-url);mask-image:var(--divider-pattern-url)}.elementor-widget-divider--no-spacing{--divider-pattern-size:auto}.elementor-widget-divider--bg-round{--divider-pattern-repeat:round}.rtl .elementor-widget-divider .elementor-divider__text{direction:rtl}.e-con-inner>.elementor-widget-divider,.e-con>.elementor-widget-divider{width:var(--container-widget-width,100%);--flex-grow:var(--container-widget-flex-grow)}<\/style>\t\t<div class=\"elementor-divider\">\n\t\t\t<span class=\"elementor-divider-separator\">\n\t\t\t\t\t\t<\/span>\n\t\t<\/div>\n\t\t\t\t<\/div>\n\t\t\t\t<\/div>\n\t\t\t\t\t<\/div>\n\t\t<\/div>\n\t\t\t\t\t\t\t<\/div>\n\t\t<\/section>\n\t\t\t\t<section class=\"elementor-section elementor-top-section elementor-element elementor-element-27247d2 elementor-section-boxed elementor-section-height-default elementor-section-height-default\" data-id=\"27247d2\" data-element_type=\"section\" data-settings=\"{&quot;background_background&quot;:&quot;classic&quot;}\">\n\t\t\t\t\t\t<div class=\"elementor-container elementor-column-gap-default\">\n\t\t\t\t\t<div class=\"elementor-column elementor-col-100 elementor-top-column elementor-element elementor-element-d7c3327\" data-id=\"d7c3327\" data-element_type=\"column\">\n\t\t\t<div class=\"elementor-widget-wrap elementor-element-populated\">\n\t\t\t\t\t\t\t\t<div class=\"elementor-element elementor-element-3123cfe elementor-widget elementor-widget-text-editor\" data-id=\"3123cfe\" data-element_type=\"widget\" data-widget_type=\"text-editor.default\">\n\t\t\t\t<div class=\"elementor-widget-container\">\n\t\t\t<style>\/*! elementor - v3.18.0 - 20-12-2023 *\/\n.elementor-widget-text-editor.elementor-drop-cap-view-stacked .elementor-drop-cap{background-color:#69727d;color:#fff}.elementor-widget-text-editor.elementor-drop-cap-view-framed .elementor-drop-cap{color:#69727d;border:3px solid;background-color:transparent}.elementor-widget-text-editor:not(.elementor-drop-cap-view-default) .elementor-drop-cap{margin-top:8px}.elementor-widget-text-editor:not(.elementor-drop-cap-view-default) .elementor-drop-cap-letter{width:1em;height:1em}.elementor-widget-text-editor .elementor-drop-cap{float:left;text-align:center;line-height:1;font-size:50px}.elementor-widget-text-editor .elementor-drop-cap-letter{display:inline-block}<\/style>\t\t\t\t<p><b>\u00bfQu\u00e9 son las Cookies?<\/b><\/p><p><span style=\"font-weight: 400;\">Una cookie es un archivo o dispositivo que se descarga en el equipo terminal de un usuario con la finalidad de almacenar datos que podr\u00e1n ser actualizados y recuperados por la entidad responsable de su instalaci\u00f3n. Es decir, es un fichero que se descarga en su ordenador al acceder a determinadas p\u00e1ginas web. Las cookies permiten a una p\u00e1gina web, entre otras cosas, almacenar y recuperar informaci\u00f3n sobre los h\u00e1bitos de navegaci\u00f3n de un usuario o de su equipo y, dependiendo de la informaci\u00f3n que contengan y de la forma en que utilice su equipo, pueden utilizarse para reconocer al usuario.<\/span><\/p><p><span style=\"font-weight: 400;\">Sus principales funciones son:<\/span><\/p><ul><li style=\"font-weight: 400;\" aria-level=\"1\"><span style=\"font-weight: 400;\">Llevar el control de usuarios: cuando un usuario introduce su nombre de usuario y contrase\u00f1a, se almacena una cookie para que no tenga que estar introduci\u00e9ndolas para cada p\u00e1gina del servidor. Sin embargo, una cookie no identifica solo a una persona, sino a una combinaci\u00f3n de computador-navegador-usuario.<\/span><\/li><li style=\"font-weight: 400;\" aria-level=\"1\"><span style=\"font-weight: 400;\">Conseguir informaci\u00f3n sobre los h\u00e1bitos de navegaci\u00f3n del usuario, e intentos de spyware (programas esp\u00eda), por parte de agencias de publicidad y otros. Esto puede causar problemas de privacidad y es una de las razones por la que las cookies tienen sus detractores.<\/span><\/li><\/ul><p>\u00a0<\/p><p><span style=\"font-weight: 400;\">Existen diferentes tipos de cookies en funci\u00f3n, sobre todo, de la finalidad para la que son utilizadas, as\u00ed se distinguen, entre otras las siguientes:<\/span><\/p><p><span style=\"font-weight: 400;\">Cookies de an\u00e1lisis: estas cookies se utilizan para llevar a cabo un an\u00e1lisis de los comportamientos y acciones de los usuarios de la p\u00e1gina web as\u00ed como para la elaboraci\u00f3n de perfiles de navegaci\u00f3n con el fin de realizar mejoras t\u00e9cnicas de funcionamiento y de servicio.<\/span><\/p><p><span style=\"font-weight: 400;\">Cookies publicitarias: permiten una gesti\u00f3n eficiente de espacios publicitarios en base a una serie de criterios, por ejemplo, verificar si el usuario ha tenido ya acceso o no a una noticia para proceder a actualizarla con una otra nueva.<\/span><\/p><p><span style=\"font-weight: 400;\">Cookies de publicidad comportamental: estas cookies se encargan de almacenar informaci\u00f3n del propio comportamiento de los usuarios centr\u00e1ndose en sus h\u00e1bitos de navegaci\u00f3n. Esto permite establecer perfiles de usuario en funci\u00f3n de su comportamiento y utilizarlos para personalizar la publicidad presentada.<\/span><\/p><p><span style=\"font-weight: 400;\">Si el usuario desea obtener m\u00e1s informaci\u00f3n sobre las cookies puede consultar el siguiente sitio web \u00a0<\/span><a href=\"http:\/\/www.aboutcookies.org\/\"><span style=\"font-weight: 400;\">http:\/\/www.aboutcookies.org\/<\/span><\/a><span style=\"font-weight: 400;\">.<\/span><\/p><p><br \/><br \/><\/p><p><b>\u00bfQu\u00e9 tipo de cookies utiliza esta p\u00e1gina web?<\/b><\/p><p><span style=\"font-weight: 400;\">La presente p\u00e1gina web est\u00e1 utilizando cookies que permiten facilitar al usuario el uso y la navegaci\u00f3n a trav\u00e9s de la misma, garantizar el acceso a determinados servicios, as\u00ed como mejorar la configuraci\u00f3n funcional de la web.<\/span><\/p><p><span style=\"font-weight: 400;\">Concretamente, esta p\u00e1gina web utiliza las siguientes cookies:<\/span><\/p><p>\u00a0<\/p><table><tbody><tr><td colspan=\"4\"><p><span style=\"font-weight: 400;\">Resumen de Cookies<\/span><\/p><\/td><\/tr><tr><td><p><span style=\"font-weight: 400;\">Tipo<\/span><\/p><\/td><td><p><span style=\"font-weight: 400;\">Name<\/span><\/p><\/td><td><p><span style=\"font-weight: 400;\">De sesi\u00f3n\/Persistentes<\/span><\/p><\/td><td><p><span style=\"font-weight: 400;\">Propias\/Terceros<\/span><\/p><\/td><\/tr><tr><td>\u00a0<\/td><td>\u00a0<\/td><td>\u00a0<\/td><td>\u00a0<\/td><\/tr><tr><td>\u00a0<\/td><td>\u00a0<\/td><td>\u00a0<\/td><td>\u00a0<\/td><\/tr><tr><td>\u00a0<\/td><td>\u00a0<\/td><td>\u00a0<\/td><td>\u00a0<\/td><\/tr><tr><td>\u00a0<\/td><td>\u00a0<\/td><td>\u00a0<\/td><td>\u00a0<\/td><\/tr><\/tbody><\/table><p><br \/><br \/><\/p><p><b>\u00bfC\u00f3mo gestionar la configuraci\u00f3n de las cookies?<\/b><\/p><p><span style=\"font-weight: 400;\">En el presente apartado se lleva a cabo una breve exposici\u00f3n de c\u00f3mo consultar y llevar a cabo la configuraci\u00f3n del sistema de cookies en relaci\u00f3n a los navegadores m\u00e1s comunes o m\u00e1s utilizados por los usuarios<\/span><\/p><p><span style=\"font-weight: 400;\">En este sentido, pr\u00e1cticamente todos los navegadores permiten al usuario obtener informaci\u00f3n general sobre las cookies instaladas en una p\u00e1gina web, concretamente verificar la existencia de las mismas, su duraci\u00f3n o el sistema de eliminaci\u00f3n. En este sentido, a t\u00edtulo informativo, se facilitan una serie de enlaces relacionados:\u00a0<\/span><\/p><ul><li style=\"font-weight: 400;\" aria-level=\"1\"><a href=\"https:\/\/support.google.com\/chrome\/answer\/95647?hl=es\"><span style=\"font-weight: 400;\">Google Chrome<\/span><\/a><\/li><li style=\"font-weight: 400;\" aria-level=\"1\"><a href=\"https:\/\/support.mozilla.org\/es\/kb\/cookies-informacion-que-los-sitios-web-guardan-en-\"><span style=\"font-weight: 400;\">Mozilla Firefox<\/span><\/a><\/li><li style=\"font-weight: 400;\" aria-level=\"1\"><a href=\"http:\/\/windows.microsoft.com\/es-es\/windows7\/how-to-manage-cookies-in-internet-explorer-9\"><span style=\"font-weight: 400;\">Internet Explorer<\/span><\/a><\/li><\/ul><p><span style=\"font-weight: 400;\">Por otra parte, el usuario podr\u00e1 permitir, bloquear o eliminar las cookies instaladas en su equipo modificando la configuraci\u00f3n de su navegador conforme a las instrucciones indicadas en el mismo. A t\u00edtulo informativo se indica que habitualmente la configuraci\u00f3n de las cookies se suele llevar a cabo en el men\u00fa \u201cPreferencias\u201d o \u201cHerramientas\u201d de cada navegador, en cualquier caso, siempre podr\u00e1 acudir a la ayuda de su navegador para solucionar o solventar las dudas que se le generen al respecto.\u00a0<\/span><\/p><p><span style=\"font-weight: 400;\">Conviene tener en cuenta que, si se impide la instalaci\u00f3n de todas las cookies, el contenido de la web as\u00ed como determinadas funcionalidades y servicios facilitados por la misma pueden verse afectados.<\/span><\/p>\t\t\t\t\t\t<\/div>\n\t\t\t\t<\/div>\n\t\t\t\t\t<\/div>\n\t\t<\/div>\n\t\t\t\t\t\t\t<\/div>\n\t\t<\/section>\n\t\t\t\t\t\t\t<\/div>","protected":false},"excerpt":{"rendered":"<p>Aviso legal \u00bfQu\u00e9 son las Cookies? Una cookie es un archivo o dispositivo que se descarga en el equipo terminal de un usuario con la finalidad de almacenar datos que podr\u00e1n ser actualizados y recuperados por la entidad responsable de su instalaci\u00f3n. Es decir, es un fichero que se descarga en su ordenador al acceder [&hellip;]<\/p>","protected":false},"author":1,"featured_media":0,"parent":0,"menu_order":0,"comment_status":"closed","ping_status":"closed","template":"elementor_header_footer","meta":{"footnotes":""},"class_list":["post-653","page","type-page","status-publish","hentry"],"aioseo_notices":[],"_links":{"self":[{"href":"https:\/\/liliyabeautycenter.es\/en\/wp-json\/wp\/v2\/pages\/653","targetHints":{"allow":["GET"]}}],"collection":[{"href":"https:\/\/liliyabeautycenter.es\/en\/wp-json\/wp\/v2\/pages"}],"about":[{"href":"https:\/\/liliyabeautycenter.es\/en\/wp-json\/wp\/v2\/types\/page"}],"author":[{"embeddable":true,"href":"https:\/\/liliyabeautycenter.es\/en\/wp-json\/wp\/v2\/users\/1"}],"replies":[{"embeddable":true,"href":"https:\/\/liliyabeautycenter.es\/en\/wp-json\/wp\/v2\/comments?post=653"}],"version-history":[{"count":4,"href":"https:\/\/liliyabeautycenter.es\/en\/wp-json\/wp\/v2\/pages\/653\/revisions"}],"predecessor-version":[{"id":657,"href":"https:\/\/liliyabeautycenter.es\/en\/wp-json\/wp\/v2\/pages\/653\/revisions\/657"}],"wp:attachment":[{"href":"https:\/\/liliyabeautycenter.es\/en\/wp-json\/wp\/v2\/media?parent=653"}],"curies":[{"name":"wp","href":"https:\/\/api.w.org\/{rel}","templated":true}]}}