{"id":640,"date":"2023-07-18T11:42:21","date_gmt":"2023-07-18T11:42:21","guid":{"rendered":"https:\/\/liliyabeautycenter.es\/?page_id=640"},"modified":"2023-07-18T11:44:07","modified_gmt":"2023-07-18T11:44:07","slug":"politica-de-privacidad","status":"publish","type":"page","link":"https:\/\/liliyabeautycenter.es\/en\/politica-de-privacidad\/","title":{"rendered":"Privacy Policy"},"content":{"rendered":"<div data-elementor-type=\"wp-page\" data-elementor-id=\"640\" class=\"elementor elementor-640\" data-elementor-post-type=\"page\">\n\t\t\t\t\t\t\t\t\t<section class=\"elementor-section elementor-top-section elementor-element elementor-element-35d9b4c elementor-section-boxed elementor-section-height-default elementor-section-height-default\" data-id=\"35d9b4c\" data-element_type=\"section\" data-settings=\"{&quot;background_background&quot;:&quot;classic&quot;}\">\n\t\t\t\t\t\t<div class=\"elementor-container elementor-column-gap-default\">\n\t\t\t\t\t<div class=\"elementor-column elementor-col-100 elementor-top-column elementor-element elementor-element-8fc52ee\" data-id=\"8fc52ee\" data-element_type=\"column\">\n\t\t\t<div class=\"elementor-widget-wrap elementor-element-populated\">\n\t\t\t\t\t\t\t\t<div class=\"elementor-element elementor-element-609659b elementor-widget elementor-widget-heading\" data-id=\"609659b\" data-element_type=\"widget\" data-widget_type=\"heading.default\">\n\t\t\t\t<div class=\"elementor-widget-container\">\n\t\t\t<style>\/*! elementor - v3.18.0 - 20-12-2023 *\/\n.elementor-heading-title{padding:0;margin:0;line-height:1}.elementor-widget-heading .elementor-heading-title[class*=elementor-size-]>a{color:inherit;font-size:inherit;line-height:inherit}.elementor-widget-heading .elementor-heading-title.elementor-size-small{font-size:15px}.elementor-widget-heading .elementor-heading-title.elementor-size-medium{font-size:19px}.elementor-widget-heading .elementor-heading-title.elementor-size-large{font-size:29px}.elementor-widget-heading .elementor-heading-title.elementor-size-xl{font-size:39px}.elementor-widget-heading .elementor-heading-title.elementor-size-xxl{font-size:59px}<\/style><h1 class=\"elementor-heading-title elementor-size-default\">Privacy Policy<\/h1>\t\t<\/div>\n\t\t\t\t<\/div>\n\t\t\t\t<div class=\"elementor-element elementor-element-3d3b158 elementor-widget-divider--view-line elementor-widget elementor-widget-divider\" data-id=\"3d3b158\" data-element_type=\"widget\" data-widget_type=\"divider.default\">\n\t\t\t\t<div class=\"elementor-widget-container\">\n\t\t\t<style>\/*! elementor - v3.18.0 - 20-12-2023 *\/\n.elementor-widget-divider{--divider-border-style:none;--divider-border-width:1px;--divider-color:#0c0d0e;--divider-icon-size:20px;--divider-element-spacing:10px;--divider-pattern-height:24px;--divider-pattern-size:20px;--divider-pattern-url:none;--divider-pattern-repeat:repeat-x}.elementor-widget-divider .elementor-divider{display:flex}.elementor-widget-divider .elementor-divider__text{font-size:15px;line-height:1;max-width:95%}.elementor-widget-divider .elementor-divider__element{margin:0 var(--divider-element-spacing);flex-shrink:0}.elementor-widget-divider .elementor-icon{font-size:var(--divider-icon-size)}.elementor-widget-divider .elementor-divider-separator{display:flex;margin:0;direction:ltr}.elementor-widget-divider--view-line_icon .elementor-divider-separator,.elementor-widget-divider--view-line_text .elementor-divider-separator{align-items:center}.elementor-widget-divider--view-line_icon .elementor-divider-separator:after,.elementor-widget-divider--view-line_icon .elementor-divider-separator:before,.elementor-widget-divider--view-line_text .elementor-divider-separator:after,.elementor-widget-divider--view-line_text .elementor-divider-separator:before{display:block;content:\"\";border-bottom:0;flex-grow:1;border-top:var(--divider-border-width) var(--divider-border-style) var(--divider-color)}.elementor-widget-divider--element-align-left .elementor-divider .elementor-divider-separator>.elementor-divider__svg:first-of-type{flex-grow:0;flex-shrink:100}.elementor-widget-divider--element-align-left .elementor-divider-separator:before{content:none}.elementor-widget-divider--element-align-left .elementor-divider__element{margin-left:0}.elementor-widget-divider--element-align-right .elementor-divider .elementor-divider-separator>.elementor-divider__svg:last-of-type{flex-grow:0;flex-shrink:100}.elementor-widget-divider--element-align-right .elementor-divider-separator:after{content:none}.elementor-widget-divider--element-align-right .elementor-divider__element{margin-right:0}.elementor-widget-divider:not(.elementor-widget-divider--view-line_text):not(.elementor-widget-divider--view-line_icon) .elementor-divider-separator{border-top:var(--divider-border-width) var(--divider-border-style) var(--divider-color)}.elementor-widget-divider--separator-type-pattern{--divider-border-style:none}.elementor-widget-divider--separator-type-pattern.elementor-widget-divider--view-line .elementor-divider-separator,.elementor-widget-divider--separator-type-pattern:not(.elementor-widget-divider--view-line) .elementor-divider-separator:after,.elementor-widget-divider--separator-type-pattern:not(.elementor-widget-divider--view-line) .elementor-divider-separator:before,.elementor-widget-divider--separator-type-pattern:not([class*=elementor-widget-divider--view]) .elementor-divider-separator{width:100%;min-height:var(--divider-pattern-height);-webkit-mask-size:var(--divider-pattern-size) 100%;mask-size:var(--divider-pattern-size) 100%;-webkit-mask-repeat:var(--divider-pattern-repeat);mask-repeat:var(--divider-pattern-repeat);background-color:var(--divider-color);-webkit-mask-image:var(--divider-pattern-url);mask-image:var(--divider-pattern-url)}.elementor-widget-divider--no-spacing{--divider-pattern-size:auto}.elementor-widget-divider--bg-round{--divider-pattern-repeat:round}.rtl .elementor-widget-divider .elementor-divider__text{direction:rtl}.e-con-inner>.elementor-widget-divider,.e-con>.elementor-widget-divider{width:var(--container-widget-width,100%);--flex-grow:var(--container-widget-flex-grow)}<\/style>\t\t<div class=\"elementor-divider\">\n\t\t\t<span class=\"elementor-divider-separator\">\n\t\t\t\t\t\t<\/span>\n\t\t<\/div>\n\t\t\t\t<\/div>\n\t\t\t\t<\/div>\n\t\t\t\t\t<\/div>\n\t\t<\/div>\n\t\t\t\t\t\t\t<\/div>\n\t\t<\/section>\n\t\t\t\t<section class=\"elementor-section elementor-top-section elementor-element elementor-element-27247d2 elementor-section-boxed elementor-section-height-default elementor-section-height-default\" data-id=\"27247d2\" data-element_type=\"section\" data-settings=\"{&quot;background_background&quot;:&quot;classic&quot;}\">\n\t\t\t\t\t\t<div class=\"elementor-container elementor-column-gap-default\">\n\t\t\t\t\t<div class=\"elementor-column elementor-col-100 elementor-top-column elementor-element elementor-element-d7c3327\" data-id=\"d7c3327\" data-element_type=\"column\">\n\t\t\t<div class=\"elementor-widget-wrap elementor-element-populated\">\n\t\t\t\t\t\t\t\t<div class=\"elementor-element elementor-element-3123cfe elementor-widget elementor-widget-text-editor\" data-id=\"3123cfe\" data-element_type=\"widget\" data-widget_type=\"text-editor.default\">\n\t\t\t\t<div class=\"elementor-widget-container\">\n\t\t\t<style>\/*! elementor - v3.18.0 - 20-12-2023 *\/\n.elementor-widget-text-editor.elementor-drop-cap-view-stacked .elementor-drop-cap{background-color:#69727d;color:#fff}.elementor-widget-text-editor.elementor-drop-cap-view-framed .elementor-drop-cap{color:#69727d;border:3px solid;background-color:transparent}.elementor-widget-text-editor:not(.elementor-drop-cap-view-default) .elementor-drop-cap{margin-top:8px}.elementor-widget-text-editor:not(.elementor-drop-cap-view-default) .elementor-drop-cap-letter{width:1em;height:1em}.elementor-widget-text-editor .elementor-drop-cap{float:left;text-align:center;line-height:1;font-size:50px}.elementor-widget-text-editor .elementor-drop-cap-letter{display:inline-block}<\/style>\t\t\t\t<p><b>Introducci\u00f3n<\/b><\/p><p><span style=\"font-weight: 400;\">La presente Pol\u00edtica de Privacidad ha sido desarrollada teniendo en cuenta lo dispuesto por la Ley Org\u00e1nica de Protecci\u00f3n de Datos de car\u00e1cter personal en vigor, as\u00ed como por el Reglamento 2016\/679 del Parlamento Europeo y del consejo del 27 de abril de 2016 relativo a la protecci\u00f3n de las personas f\u00edsicas en lo que respecta al tratamiento de datos personales y a la circulaci\u00f3n de estos datos, en adelante el RGPD.\u00a0<\/span><\/p><p><span style=\"font-weight: 400;\">Esta Pol\u00edtica de Privacidad tiene por objeto poner en conocimiento de los titulares de los datos personales, respecto de los cuales se est\u00e1 recabando informaci\u00f3n, los aspectos espec\u00edficos relativos al tratamiento sus datos, entre otras cosas, las finalidades de los tratamientos, los datos de contacto para ejercer los derechos que le asisten, los plazos de conservaci\u00f3n de la informaci\u00f3n y las medidas de seguridad entre otras cosas.<\/span><\/p><p><b>Responsable del Tratamiento<\/b><\/p><p><span style=\"font-weight: 400;\">En t\u00e9rminos de protecci\u00f3n de datos LILIYA LYSA, debe ser considerado Responsable del Tratamiento, en relaci\u00f3n a los ficheros\/tratamientos identificados en la presente pol\u00edtica, concretamente en el apartado\u00a0 Tratamientos de datos.\u00a0<\/span><\/p><p><span style=\"font-weight: 400;\">A continuaci\u00f3n se indican los datos identificativos del titular del presente sitio web:<\/span><\/p><p><span style=\"font-weight: 400;\">Responsable del Tratamiento: LILIYA LYSA<\/span><\/p><p><span style=\"font-weight: 400;\">Direcci\u00f3n postal: Avd. Pr\u00edncipe\u00a0 de Asturias, 16 Bj &#8211; 30007 Murcia<\/span><\/p><p><span style=\"font-weight: 400;\">Direcci\u00f3n electr\u00f3nica:hola@liliyabeautycenter.com<\/span><\/p><p><b>Tratamientos de datos<\/b><\/p><p><span style=\"font-weight: 400;\">Los datos de car\u00e1cter personal que se soliciten, en su caso, consistir\u00e1n \u00fanicamente en aquellos estrictamente imprescindibles para identificar y atender la solicitud realizada por el titular de los mismos, en adelante el interesado. Dicha informaci\u00f3n ser\u00e1 tratada de forma leal, l\u00edcita y transparente en relaci\u00f3n con el interesado. Por otra parte, los datos personales ser\u00e1n recogidos para finalidades determinadas expl\u00edcitas y leg\u00edtimas, no siendo tratados ulteriormente de manera con incompatible con dichos fines.\u00a0<\/span><\/p><p><span style=\"font-weight: 400;\">Los datos recogidos de cada interesado ser\u00e1n adecuados, pertinentes y no excesivos en relaci\u00f3n a las finalidades correspondientes para cada caso, y ser\u00e1n actualizados siempre que sea necesario.\u00a0<\/span><\/p><p><span style=\"font-weight: 400;\">El titular de los datos ser\u00e1 informado, con car\u00e1cter previo a la recogida de sus datos, de los extremos generales regulados en esta pol\u00edtica a fin de que pueda prestar el consentimiento expreso, preciso e inequ\u00edvoco para el tratamiento de sus datos, conforme a los siguientes aspectos.<\/span><\/p><p><i><span style=\"font-weight: 400;\">Finalidades del tratamiento.\u00a0<\/span><\/i><\/p><p><span style=\"font-weight: 400;\">Las finalidades expl\u00edcitas para las cuales se llevan a cabo cada uno de los tratamientos vienen recogidas en las cl\u00e1usulas informativas incorporadas en cada una de las v\u00edas de toma de datos (formularios web, formularios en papel, locuciones o carteles y notas informativas).<\/span><\/p><p><span style=\"font-weight: 400;\">No obstante, los datos de car\u00e1cter personal del interesado ser\u00e1n tratados con la exclusiva finalidad de proporcionarles una respuesta efectiva y atender las solicitudes practicadas por el usuario, especificadas junto a la opci\u00f3n, servicio, formulario o sistema de toma de datos que el titular utilice.\u00a0<\/span><\/p><p><i><span style=\"font-weight: 400;\">Legitimaci\u00f3n<\/span><\/i><\/p><p><span style=\"font-weight: 400;\">Por regla general, previo al tratamiento de los datos personales, LILIYA LYSA obtiene consentimiento expreso e inequ\u00edvoco del titular de los mismos, mediante la incorporaci\u00f3n de cl\u00e1usulas de consentimiento informado en los diferentes sistemas de recogida de informaci\u00f3n.<\/span><\/p><p><span style=\"font-weight: 400;\">No obstante, en caso de que no se requiera el consentimiento del interesado, la base legitimadora del tratamiento en la cual se ampara LILIYA LYSA es la existencia de una ley o norma espec\u00edfica que autorice o exija el tratamiento el tratamiento de los datos del interesado.<\/span><\/p><p><i><span style=\"font-weight: 400;\">Destinatarios<\/span><\/i><\/p><p><span style=\"font-weight: 400;\">Por regla general, LILIYA LYSA no procede a la cesi\u00f3n o comunicaci\u00f3n de los datos a terceras entidades, salvo las requeridas legalmente, no obstante, en caso de que fuera necesario, dichas cesiones o comunicaciones de datos se informan al interesado a trav\u00e9s de las cl\u00e1usulas de consentimiento informado contenidas en las diferentes v\u00edas de recogida de datos personales.<\/span><\/p><p><i><span style=\"font-weight: 400;\">Procedencia<\/span><\/i><\/p><p><span style=\"font-weight: 400;\">Por regla general, los datos personales se recogen siempre directamente del interesado, no obstante, en determinadas excepciones, los datos pueden ser recogidos a trav\u00e9s de terceras personas, entidades o servicios diferentes del interesado. En este sentido, este extremo ser\u00e1 trasladado al interesado a trav\u00e9s de las cl\u00e1usulas de consentimiento informado contenidas en las diferentes v\u00edas de recogida de informaci\u00f3n y dentro de un plazo razonable, una vez obtenidos los datos, y a m\u00e1s tardar dentro de un mes.\u00a0<\/span><\/p><p><i><span style=\"font-weight: 400;\">Plazos de conservaci\u00f3n<\/span><\/i><\/p><p><span style=\"font-weight: 400;\">La informaci\u00f3n recabada del interesado ser\u00e1 conservada mientras sea necesaria para cumplir con la finalidad para la cual fueron recabados los datos personales, de forma que, una vez cumplida la finalidad los datos ser\u00e1n cancelados. Dicha cancelaci\u00f3n dar\u00e1 lugar al bloqueo de los datos conserv\u00e1ndose \u00fanicamente a disposici\u00f3n de las AAPP, Jueces y Tribunales, para atender las posibles responsabilidades nacidas del tratamiento, durante el plazo de prescripci\u00f3n de \u00e9stas, cumplido el citado plazo se proceder\u00e1 a la destrucci\u00f3n de la informaci\u00f3n.\u00a0\u00a0<\/span><\/p><p><span style=\"font-weight: 400;\">A t\u00edtulo informativo, a continuaci\u00f3n se recogen los plazos legales de conservaci\u00f3n de la informaci\u00f3n en relaci\u00f3n a diferentes materias:<\/span><\/p><table><tbody><tr><td><p><span style=\"font-weight: 400;\">DOCUMENTO<\/span><\/p><\/td><td><p><span style=\"font-weight: 400;\">PLAZO<\/span><\/p><\/td><td><p><span style=\"font-weight: 400;\">REF.\u00a0 LEGAL<\/span><\/p><\/td><\/tr><tr><td><p><span style=\"font-weight: 400;\">Documentaci\u00f3n de car\u00e1cter laboral o relacionada con la seguridad social\u00a0<\/span><\/p><\/td><td><p><span style=\"font-weight: 400;\"> 4 a\u00f1os<\/span><\/p><\/td><td><p><span style=\"font-weight: 400;\">Art\u00edculo 21 del Real Decreto Legislativo 5\/2000, de 4 de agosto, por el que se aprueba el texto refundido de la Ley sobre Infracciones y Sanciones en el Orden Social<\/span><\/p><\/td><\/tr><tr><td><p><span style=\"font-weight: 400;\">Documentaci\u00f3n contable y fiscal a efectos mercantiles<\/span><\/p><\/td><td><p><span style=\"font-weight: 400;\">6 a\u00f1os<\/span><\/p><\/td><td><p><span style=\"font-weight: 400;\">Art. 30 C\u00f3digo Comercio<\/span><\/p><\/td><\/tr><tr><td><p><span style=\"font-weight: 400;\">Documentaci\u00f3n contable y fiscal a efectos fiscales<\/span><\/p><\/td><td><p><span style=\"font-weight: 400;\">4 a\u00f1os<\/span><\/p><\/td><td><p><span style=\"font-weight: 400;\">Art\u00edculos 66 a 70 Ley General Tributaria<\/span><\/p><\/td><\/tr><tr><td><p><span style=\"font-weight: 400;\">Control de accesos a edificios<\/span><\/p><\/td><td><p><span style=\"font-weight: 400;\">1 mes<\/span><\/p><\/td><td><p><span style=\"font-weight: 400;\">Instrucci\u00f3n 1\/1996 de la AEPD<\/span><\/p><\/td><\/tr><tr><td><p><span style=\"font-weight: 400;\">Videovigilancia<\/span><\/p><\/td><td><p><span style=\"font-weight: 400;\">1 mes<\/span><\/p><\/td><td><p><span style=\"font-weight: 400;\">Instrucci\u00f3n 1\/2006 de la AEPD<\/span><\/p><p><span style=\"font-weight: 400;\">Ley Org\u00e1nica 4\/1997<\/span><\/p><\/td><\/tr><\/tbody><\/table><p><b>Datos de navegaci\u00f3n.<\/b><\/p><p><span style=\"font-weight: 400;\">En relaci\u00f3n a los datos de navegaci\u00f3n que se puedan tratar a trav\u00e9s del sitio web, en caso de que se recojan datos sometidos a la normativa, se recomienda consultar la Pol\u00edtica de Cookies publicada en nuestro sitio web.<\/span><\/p><p><b>Derechos de los interesados.<\/b><\/p><p><span style=\"font-weight: 400;\">La normativa en materia de protecci\u00f3n de datos otorga una serie de derechos a los interesados o titulares de los datos, usuarios del sitio web o usuarios de los perfiles de las redes sociales de LILIYA LYSA.\u00a0<\/span><\/p><p><span style=\"font-weight: 400;\">Estos derechos que asisten a las personas interesadas son los siguientes:<\/span><\/p><ul><li style=\"font-weight: 400;\" aria-level=\"1\"><span style=\"font-weight: 400;\">Derecho de acceso: derecho a obtener informaci\u00f3n sobre si sus propios datos est\u00e1n siendo objeto de tratamiento, la finalidad del tratamiento que se est\u00e9 realizando, las categor\u00edas de datos que se trate, los destinatarios o categor\u00edas de destinatarios, el plazo de conservaci\u00f3n y el origen de dichos datos.<\/span><\/li><\/ul><ul><li style=\"font-weight: 400;\" aria-level=\"1\"><span style=\"font-weight: 400;\">Derecho de rectificaci\u00f3n: derecho a obtener la rectificaci\u00f3n de los datos personales inexactos o incompletos.<\/span><\/li><\/ul><ul><li style=\"font-weight: 400;\" aria-level=\"1\"><span style=\"font-weight: 400;\">Derecho de supresi\u00f3n: derecho a obtener la supresi\u00f3n de los datos en los siguientes supuestos:<\/span><ul><li style=\"font-weight: 400;\" aria-level=\"2\"><span style=\"font-weight: 400;\">Cuando los datos ya no sean necesarios para la finalidad para la cual fueron recabados<\/span><\/li><li style=\"font-weight: 400;\" aria-level=\"2\"><span style=\"font-weight: 400;\">Cuando el titular de los mismos retire el consentimiento<\/span><\/li><li style=\"font-weight: 400;\" aria-level=\"2\"><span style=\"font-weight: 400;\">Cuando el interesado se oponga al tratamiento<\/span><\/li><li style=\"font-weight: 400;\" aria-level=\"2\"><span style=\"font-weight: 400;\">Cuando deban suprimirse en cumplimiento de una obligaci\u00f3n legal<\/span><\/li><li style=\"font-weight: 400;\" aria-level=\"2\"><span style=\"font-weight: 400;\">Cuando los datos se hayan obtenido en virtud de un servicio de sociedad de la informaci\u00f3n en base a lo dispuesto en el art. 8 apdo. 1 del Reglamento Europeo sobre Protecci\u00f3n de datos.<\/span><\/li><\/ul><\/li><\/ul><ul><li style=\"font-weight: 400;\" aria-level=\"1\"><span style=\"font-weight: 400;\">Derecho de oposici\u00f3n: derecho a oponerse a un determinado tratamiento basado en el consentimiento del interesado.<\/span><\/li><\/ul><ul><li style=\"font-weight: 400;\" aria-level=\"1\"><span style=\"font-weight: 400;\">Derecho de limitaci\u00f3n: derecho a obtener la limitaci\u00f3n del tratamiento de los datos cuando se de alguno de los siguientes supuestos:<\/span><ul><li style=\"font-weight: 400;\" aria-level=\"2\"><span style=\"font-weight: 400;\">Cuando el interesado impugne la exactitud de los datos personales, durante un plazo que permita a la empresa verificar la exactitud de los mismos.<\/span><\/li><li style=\"font-weight: 400;\" aria-level=\"2\"><span style=\"font-weight: 400;\">Cuando el tratamiento sea il\u00edcito y el interesado se oponga a la supresi\u00f3n de los datos.<\/span><\/li><li style=\"font-weight: 400;\" aria-level=\"2\"><span style=\"font-weight: 400;\">Cuando la empresa ya no necesite los datos para los fines para los que fueron recabados, pero el interesado los necesite para la formulaci\u00f3n, el ejercicio o la defensa de reclamaciones.<\/span><\/li><li style=\"font-weight: 400;\" aria-level=\"2\"><span style=\"font-weight: 400;\">Cuando el interesado se haya opuesto al tratamiento mientras se verifica si los motivos leg\u00edtimos de la empresa prevalecen sobre los del interesado.<\/span><\/li><\/ul><\/li><\/ul><p>\u00a0<\/p><ul><li style=\"font-weight: 400;\" aria-level=\"1\"><span style=\"font-weight: 400;\">Derecho a la\u00a0 portabilidad: derecho a obtener los datos en un formato estructurado, de uso com\u00fan y de lectura mec\u00e1nica, y a transmitirlos a otro responsable del tratamiento cuando:<\/span><ul><li style=\"font-weight: 400;\" aria-level=\"2\"><span style=\"font-weight: 400;\">El tratamiento est\u00e9 basado en el consentimiento\u00a0<\/span><\/li><li style=\"font-weight: 400;\" aria-level=\"2\"><span style=\"font-weight: 400;\">El tratamiento se efect\u00fae por medios automatizados<\/span><\/li><\/ul><\/li><\/ul><p>\u00a0<\/p><ul><li style=\"font-weight: 400;\" aria-level=\"1\"><span style=\"font-weight: 400;\">Derecho a presentar una reclamaci\u00f3n ante la autoridad de control competente<\/span><\/li><\/ul><p><span style=\"font-weight: 400;\">Los interesados podr\u00e1n ejercitar los derechos indicados, dirigi\u00e9ndose a LILIYA LYSA, mediante escrito, remitido a la siguiente direcci\u00f3n: <\/span><span style=\"font-weight: 400;\">hola@liliyabeautycenter.com<\/span><span style=\"font-weight: 400;\"> indicando en la l\u00ednea de Asunto el derecho que desea ejercitar.<\/span><\/p><p><span style=\"font-weight: 400;\">En este sentido LILIYA LYSA atender\u00e1 su solicitud a la mayor brevedad posible y teniendo en cuenta los plazos previstos en la normativa en materia de protecci\u00f3n de datos.<\/span><\/p><p><span style=\"font-weight: 400;\">En caso de considerar vulnerado su derecho a la protecci\u00f3n de datos personales, podr\u00e1 interponer una reclamaci\u00f3n ante la Agencia Espa\u00f1ola de Protecci\u00f3n de Datos (https:\/\/www.aepd.es\/)<\/span><\/p><p><b>Seguridad<\/b><\/p><p><span style=\"font-weight: 400;\">Las medidas de seguridad adoptadas por LILIYA LYSA son aquellas requeridas, de conformidad con lo establecido en el art\u00edculo 32 del RGPD. En este sentido, LILIYA LYSA, teniendo en cuenta el estado de la t\u00e9cnica, los costes de aplicaci\u00f3n y la naturaleza, el alcance, el contexto y los fines del tratamiento, as\u00ed como los riesgos de probabilidad y gravedad variables para los derechos y las libertades de las personas f\u00edsicas, tiene establecidas las medidas t\u00e9cnicas y organizativas apropiadas para garantizar el nivel de seguridad adecuado al riesgo existente.<\/span><\/p><p>\u00a0<\/p><p><span style=\"font-weight: 400;\">En todo caso, LILIYA LYSA tiene implementados los mecanismos suficientes para:\u00a0<\/span><\/p><p>\u00a0<\/p><ul><li style=\"font-weight: 400;\" aria-level=\"1\"><span style=\"font-weight: 400;\">Garantizar la confidencialidad, integridad, disponibilidad y resiliencia permanentes de los sistemas y servicios de tratamiento.<\/span><\/li><li style=\"font-weight: 400;\" aria-level=\"1\"><span style=\"font-weight: 400;\">Restaurar la disponibilidad y el acceso a los datos personales de forma r\u00e1pida, en caso de incidente f\u00edsico o t\u00e9cnico.<\/span><\/li><li style=\"font-weight: 400;\" aria-level=\"1\"><span style=\"font-weight: 400;\">Verificar, evaluar y valorar, de forma regular, la eficacia de las medidas t\u00e9cnicas y organizativas implantadas para garantizar la seguridad del tratamiento.<\/span><\/li><li style=\"font-weight: 400;\" aria-level=\"1\"><span style=\"font-weight: 400;\">Seudonimizar y cifrar los datos personales, en su caso.<\/span><\/li><\/ul><p><b>Cl\u00e1usula de consentimiento para Cookies<\/b><\/p><p>\u00a0<\/p><p><b>Banner con la informaci\u00f3n sobre el uso de cookies anal\u00edticas realizado por el propio editor y por terceros:<\/b><\/p><p><br \/><br \/><br \/><br \/><br \/><br \/><br \/><br \/><br \/><\/p><p><b>CONFIGURACI\u00d3N DEL SISTEMA DE COOKIES:<\/b><\/p><ul><li style=\"font-weight: 400;\" aria-level=\"1\"><span style=\"font-weight: 400;\">El banner deber\u00e1 insertarse en un lugar claramente visible que no pase desapercibido para el usuario.<\/span><\/li><li style=\"font-weight: 400;\" aria-level=\"1\"><span style=\"font-weight: 400;\">El banner podr\u00e1 permanecer visible hasta que el usuario acepte la instalaci\u00f3n de las cookies.<\/span><\/li><li style=\"font-weight: 400;\" aria-level=\"1\"><span style=\"font-weight: 400;\">No se deben instalar las cookies antes de que el usuario haga clic en [ACEPTO].<\/span><\/li><li style=\"font-weight: 400;\" aria-level=\"1\"><span style=\"font-weight: 400;\">Los usuarios deber\u00e1n poder retirar el consentimiento en cualquier momento accediendo a la Pol\u00edtica de cookies.<\/span><\/li><li style=\"font-weight: 400;\" aria-level=\"1\"><span style=\"font-weight: 400;\">En la Pol\u00edtica de cookies se habilitar\u00e1 un Panel de configuraci\u00f3n donde se pueda elegir entre <\/span><b>aceptar <\/b><span style=\"font-weight: 400;\">o <\/span><b>rechazar <\/b><span style=\"font-weight: 400;\">las cookies.<\/span><\/li><\/ul><p><span style=\"font-weight: 400;\">Debe ser tan f\u00e1cil retirar el consentimiento como haberlo dado.<\/span><\/p>\t\t\t\t\t\t<\/div>\n\t\t\t\t<\/div>\n\t\t\t\t\t<\/div>\n\t\t<\/div>\n\t\t\t\t\t\t\t<\/div>\n\t\t<\/section>\n\t\t\t\t\t\t\t<\/div>","protected":false},"excerpt":{"rendered":"<p>Pol\u00edtica de privacidad Introducci\u00f3n La presente Pol\u00edtica de Privacidad ha sido desarrollada teniendo en cuenta lo dispuesto por la Ley Org\u00e1nica de Protecci\u00f3n de Datos de car\u00e1cter personal en vigor, as\u00ed como por el Reglamento 2016\/679 del Parlamento Europeo y del consejo del 27 de abril de 2016 relativo a la protecci\u00f3n de las personas [&hellip;]<\/p>","protected":false},"author":1,"featured_media":0,"parent":0,"menu_order":0,"comment_status":"closed","ping_status":"closed","template":"elementor_header_footer","meta":{"footnotes":""},"class_list":["post-640","page","type-page","status-publish","hentry"],"aioseo_notices":[],"_links":{"self":[{"href":"https:\/\/liliyabeautycenter.es\/en\/wp-json\/wp\/v2\/pages\/640","targetHints":{"allow":["GET"]}}],"collection":[{"href":"https:\/\/liliyabeautycenter.es\/en\/wp-json\/wp\/v2\/pages"}],"about":[{"href":"https:\/\/liliyabeautycenter.es\/en\/wp-json\/wp\/v2\/types\/page"}],"author":[{"embeddable":true,"href":"https:\/\/liliyabeautycenter.es\/en\/wp-json\/wp\/v2\/users\/1"}],"replies":[{"embeddable":true,"href":"https:\/\/liliyabeautycenter.es\/en\/wp-json\/wp\/v2\/comments?post=640"}],"version-history":[{"count":4,"href":"https:\/\/liliyabeautycenter.es\/en\/wp-json\/wp\/v2\/pages\/640\/revisions"}],"predecessor-version":[{"id":645,"href":"https:\/\/liliyabeautycenter.es\/en\/wp-json\/wp\/v2\/pages\/640\/revisions\/645"}],"wp:attachment":[{"href":"https:\/\/liliyabeautycenter.es\/en\/wp-json\/wp\/v2\/media?parent=640"}],"curies":[{"name":"wp","href":"https:\/\/api.w.org\/{rel}","templated":true}]}}